{"id":17,"date":"2022-08-17T16:42:03","date_gmt":"2022-08-17T14:42:03","guid":{"rendered":"http:\/\/eugeniebenezech.com\/?page_id=17"},"modified":"2024-03-25T21:05:08","modified_gmt":"2024-03-25T20:05:08","slug":"eugenie-benezech","status":"publish","type":"page","link":"https:\/\/eugeniebenezech.com\/index.php\/eugenie-benezech\/","title":{"rendered":"Ma Bio"},"content":{"rendered":"\n<div class=\"wp-block-media-text alignwide is-stacked-on-mobile\"><figure class=\"wp-block-media-text__media\"><img loading=\"lazy\" decoding=\"async\" width=\"669\" height=\"651\" src=\"http:\/\/eugeniebenezech.com\/wp-content\/uploads\/2022\/08\/Photos4.png\" alt=\"\" class=\"wp-image-110 size-full\" srcset=\"https:\/\/eugeniebenezech.com\/wp-content\/uploads\/2022\/08\/Photos4.png 669w, https:\/\/eugeniebenezech.com\/wp-content\/uploads\/2022\/08\/Photos4-300x292.png 300w, https:\/\/eugeniebenezech.com\/wp-content\/uploads\/2022\/08\/Photos4-450x438.png 450w, https:\/\/eugeniebenezech.com\/wp-content\/uploads\/2022\/08\/Photos4-600x584.png 600w\" sizes=\"auto, (max-width: 669px) 100vw, 669px\" \/><\/figure><div class=\"wp-block-media-text__content\">\n<h1 class=\"wp-block-heading has-text-align-left\"><em>Je suis Eug\u00e9nie,<\/em><\/h1>\n\n\n\n<p>J&rsquo;anime des ateliers de\u00a0<strong>sketchnoting<\/strong>\u00a0depuis 2017. J&rsquo;adore transformer la complexit\u00e9 en quelque chose de simple et visuel afin de mieux\u00a0<strong>comprendre, partager et faciliter les \u00e9changes !<\/strong><br>J&rsquo;ai cr\u00e9\u00e9 des sketchnotes pour des clients locaux et internationaux notamment<strong> TEDx, Habitat&amp;Humanisme<\/strong>&#8230;<\/p>\n<\/div><\/div>\n","protected":false},"excerpt":{"rendered":"<p>Je suis Eug\u00e9nie, J&rsquo;anime des ateliers de\u00a0sketchnoting\u00a0depuis 2017. J&rsquo;adore transformer la complexit\u00e9 en quelque chose de simple et visuel afin de mieux\u00a0comprendre, partager et faciliter les \u00e9changes !J&rsquo;ai cr\u00e9\u00e9 des [&hellip;]<\/p>\n","protected":false},"author":1,"featured_media":0,"parent":0,"menu_order":0,"comment_status":"closed","ping_status":"closed","template":"","meta":{"footnotes":""},"class_list":["post-17","page","type-page","status-publish","hentry"],"jetpack_sharing_enabled":true,"_links":{"self":[{"href":"https:\/\/eugeniebenezech.com\/index.php\/wp-json\/wp\/v2\/pages\/17","targetHints":{"allow":["GET"]}}],"collection":[{"href":"https:\/\/eugeniebenezech.com\/index.php\/wp-json\/wp\/v2\/pages"}],"about":[{"href":"https:\/\/eugeniebenezech.com\/index.php\/wp-json\/wp\/v2\/types\/page"}],"author":[{"embeddable":true,"href":"https:\/\/eugeniebenezech.com\/index.php\/wp-json\/wp\/v2\/users\/1"}],"replies":[{"embeddable":true,"href":"https:\/\/eugeniebenezech.com\/index.php\/wp-json\/wp\/v2\/comments?post=17"}],"version-history":[{"count":8,"href":"https:\/\/eugeniebenezech.com\/index.php\/wp-json\/wp\/v2\/pages\/17\/revisions"}],"predecessor-version":[{"id":1337,"href":"https:\/\/eugeniebenezech.com\/index.php\/wp-json\/wp\/v2\/pages\/17\/revisions\/1337"}],"wp:attachment":[{"href":"https:\/\/eugeniebenezech.com\/index.php\/wp-json\/wp\/v2\/media?parent=17"}],"curies":[{"name":"wp","href":"https:\/\/api.w.org\/{rel}","templated":true}]}}